{"id":22,"date":"2021-09-12T09:46:46","date_gmt":"2021-09-12T09:46:46","guid":{"rendered":"http:\/\/www.apollonturizm.com.tr\/?page_id=22"},"modified":"2021-09-13T07:56:14","modified_gmt":"2021-09-13T07:56:14","slug":"tarihce","status":"publish","type":"page","link":"http:\/\/www.apollonturizm.com.tr\/?page_id=22","title":{"rendered":"Tarih\u00e7e"},"content":{"rendered":"\n<p>312 oda kapasitesi ile 1. s\u0131n\u0131f tatil k\u00f6y\u00fc olarak hizmete a\u00e7\u0131lm\u0131\u015f olan Blue Waters Club, 2001 y\u0131l\u0131nda 5 y\u0131ld\u0131zl\u0131 Resort otelin a\u00e7\u0131lmas\u0131, 2010 y\u0131l\u0131nda Ek Binan\u0131n a\u00e7\u0131lmas\u0131 ve 2014 y\u0131l\u0131nda 20 adet Club odas\u0131n\u0131n da ilave edilmesi ile beraber \u015fu an 671 oda 1612 yatak kapasitesi ile 5 y\u0131ld\u0131zl\u0131 otel ve 1. s\u0131n\u0131f tatil k\u00f6y\u00fc olarak hizmet vermeye devam etmektedir.<\/p>\n\n\n\n<p>Blue Waters Club ba\u015far\u0131l\u0131 ge\u00e7mi\u015fi ile T\u00fcrkiye\u2019nin ve D\u00fcnyan\u0131n \u00f6nde gelen Konaklama \u0130\u015fletmeleri aras\u0131nda yer almakta, ve hizmet sekt\u00f6r\u00fcnde bir d\u00fcnya markas\u0131 olma vizyonuyla hareket etmektedir. Blue Waters Club \u0131n sahip oldu\u011fu ba\u015far\u0131lar\u0131n arkas\u0131nda, misafir odakl\u0131 ve verimlili\u011fi temel alan anlay\u0131\u015f\u0131n yan\u0131nda, Kurumsal Sosyal Sorumluluk Stratejisi, Sekt\u00f6rde \u00f6nc\u00fc ve \u00f6rnek olma gayreti ve s\u00fcrd\u00fcr\u00fclebilir \u00c7evre bilinci yatmaktad\u0131r. Blue Waters Club, ba\u015fta misafirler, tedarik\u00e7iler ve \u00e7al\u0131\u015fanlar olmak \u00fczere t\u00fcm payda\u015flar\u0131yla kurdu\u011fu g\u00fcvene dayal\u0131 ili\u015fkiler ve \u00e7al\u0131\u015fanlar\u0131n\u0131n kusursuz hizmet anlay\u0131\u015f\u0131 ile vizyon ve stratejilerini ger\u00e7ekle\u015ftirmede emin ad\u0131mlar ile ilerlemektedir.<\/p>\n","protected":false},"excerpt":{"rendered":"<p>312 oda kapasitesi ile 1. s\u0131n\u0131f tatil k\u00f6y\u00fc olarak hizmete a\u00e7\u0131lm\u0131\u015f olan Blue Waters Club, 2001 y\u0131l\u0131nda 5 y\u0131ld\u0131zl\u0131 Resort otelin a\u00e7\u0131lmas\u0131, 2010 y\u0131l\u0131nda Ek Binan\u0131n a\u00e7\u0131lmas\u0131 ve 2014 y\u0131l\u0131nda 20 adet Club odas\u0131n\u0131n da ilave edilmesi ile beraber \u015fu an 671 oda 1612 yatak kapasitesi ile 5 y\u0131ld\u0131zl\u0131 otel ve 1. s\u0131n\u0131f tatil k\u00f6y\u00fc [&hellip;]<\/p>\n","protected":false},"author":1,"featured_media":0,"parent":0,"menu_order":0,"comment_status":"closed","ping_status":"closed","template":"template-fullwidth.php","meta":[],"_links":{"self":[{"href":"http:\/\/www.apollonturizm.com.tr\/index.php?rest_route=\/wp\/v2\/pages\/22"}],"collection":[{"href":"http:\/\/www.apollonturizm.com.tr\/index.php?rest_route=\/wp\/v2\/pages"}],"about":[{"href":"http:\/\/www.apollonturizm.com.tr\/index.php?rest_route=\/wp\/v2\/types\/page"}],"author":[{"embeddable":true,"href":"http:\/\/www.apollonturizm.com.tr\/index.php?rest_route=\/wp\/v2\/users\/1"}],"replies":[{"embeddable":true,"href":"http:\/\/www.apollonturizm.com.tr\/index.php?rest_route=%2Fwp%2Fv2%2Fcomments&post=22"}],"version-history":[{"count":3,"href":"http:\/\/www.apollonturizm.com.tr\/index.php?rest_route=\/wp\/v2\/pages\/22\/revisions"}],"predecessor-version":[{"id":62,"href":"http:\/\/www.apollonturizm.com.tr\/index.php?rest_route=\/wp\/v2\/pages\/22\/revisions\/62"}],"wp:attachment":[{"href":"http:\/\/www.apollonturizm.com.tr\/index.php?rest_route=%2Fwp%2Fv2%2Fmedia&parent=22"}],"curies":[{"name":"wp","href":"https:\/\/api.w.org\/{rel}","templated":true}]}}