{"id":24,"date":"2021-09-12T09:46:46","date_gmt":"2021-09-12T09:46:46","guid":{"rendered":"http:\/\/www.apollonturizm.com.tr\/?page_id=24"},"modified":"2021-09-13T07:54:23","modified_gmt":"2021-09-13T07:54:23","slug":"kalite-yonetimi","status":"publish","type":"page","link":"http:\/\/www.apollonturizm.com.tr\/?page_id=24","title":{"rendered":"Kalite Y\u00f6netimi"},"content":{"rendered":"\n<p><strong>Kalite Politikam\u0131z<\/strong><\/p>\n\n\n\n<p>Temel de\u011ferlerimizden \u00f6d\u00fcn vermeden ;<\/p>\n\n\n\n<ul><li>Sekt\u00f6r\u00fcm\u00fczle ilgili yenilikleri ve teknolojik geli\u015fmeleri takip ederek, yapt\u0131\u011f\u0131m\u0131z i\u015fleri ve \u00fcrettiklerimizin kalitesini s\u00fcrekli iyile\u015ftiririz.<\/li><li>T\u00fcrkiye\u2019 deki eksik veya yetersiz sekt\u00f6rleri ara\u015ft\u0131r\u0131r, yeniliklere a\u00e7\u0131k yap\u0131m\u0131zla, kurumsalla\u015farak b\u00fcy\u00fcmeyi s\u00fcrd\u00fcr\u00fcr\u00fcz.<\/li><li>Koordineli \u00e7al\u0131\u015f\u0131r, do\u011fru planlama, nitelikli ve yeterli elemanlarla ba\u015far\u0131l\u0131 organizasyonlar ger\u00e7ekle\u015ftiririz.<\/li><li>\u00c7a\u011fda\u015f y\u00f6netim ve i\u015fletim sistemini uygular, i\u00e7 ve d\u0131\u015f m\u00fc\u015fteri memnuniyetini artt\u0131r\u0131r\u0131z.<\/li><li>Verimlili\u011fi ve kaliteyi ilke edinmi\u015f bir ekip \u00e7al\u0131\u015fmas\u0131na, ara\u015ft\u0131rmac\u0131, deneyimli ve dinamik kadrolar\u0131m\u0131zla, sayg\u0131 \u00e7er\u00e7evesinde bireysel rekabete ve denetime inan\u0131r, kanunlara uygun \u015feffaf bir firma olman\u0131n gururunu ya\u015far\u0131z.<\/li><\/ul>\n\n\n\n<p><strong>\u00c7evre, Sa\u011fl\u0131k ve G\u00fcvenlik Politikam\u0131z<\/strong><\/p>\n\n\n\n<ul><li>Biz, \u00fcretti\u011fimiz hizmetlerde \u00e7evre, i\u015f sa\u011fl\u0131\u011f\u0131 ve g\u00fcvenli\u011fi ile ilgili t\u00fcm mevzuat ve d\u00fczenlemelere uyar, s\u00fcrekli iyile\u015ftirmek i\u00e7in \u00e7aba harcar\u0131z.<\/li><li>Faaliyetlerimizi y\u00fcr\u00fct\u00fcrken \u00e7evreye etkilerimizi tespit eder ve varsa olumsuz etkileri en aza indiririz.<\/li><li>Faaliyetlerimiz s\u0131ras\u0131nda, enerjiyi ve kaynaklar\u0131m\u0131z\u0131 etkin kullan\u0131r ve s\u00fcrekli tasarruf etmek i\u00e7in \u00f6nlemler al\u0131r\u0131z.<\/li><li>Projelerimizi yaparken at\u0131klar\u0131m\u0131z\u0131 kontrol alt\u0131nda tutar, hava, su ve topra\u011f\u0131n kirlenmesini, uygun tekniklerle minimize ederiz.<\/li><li>\u00c7evre, i\u015f sa\u011fl\u0131\u011f\u0131 ve g\u00fcvenli\u011fi bilincinin t\u00fcm \u00e7al\u0131\u015fanlar taraf\u0131ndan ya\u015fat\u0131labilmesi i\u00e7in gerekli olan duyuru, e\u011fitim ve bilin\u00e7lendirme \u00e7al\u0131\u015fmalar\u0131n\u0131 y\u00fcr\u00fct\u00fcr\u00fcz.<\/li><li>Sundu\u011fumuz t\u00fcm hizmetler s\u0131ras\u0131nda; \u00e7al\u0131\u015fanlar\u0131 ve faaliyetlerimizden etkilenecek insanlar\u0131, i\u015fle ilgili yaralanma ve hastal\u0131klardan koruruz.<\/li><li>Kendimizin ve di\u011fer \u015fah\u0131slar\u0131n mal ve m\u00fclkiyetine zarar vermemek i\u00e7in tehlikeyi daha ba\u015flang\u0131\u00e7 a\u015famas\u0131nda kontrol edip, s\u00fcrekli olarak izleyerek, gerekli d\u00fczenlemeleri yapar ve uygulama a\u015famas\u0131nda m\u00fcmk\u00fcn olan her t\u00fcrl\u00fc korumay\u0131 sa\u011flar\u0131z.<\/li><li>Verdi\u011fimiz hizmetlerin \u00e7evreye etkilerini kamuoyuna duyurur, bilgimizi onlarla payla\u015f\u0131r\u0131z.<\/li><\/ul>\n\n\n\n<p><strong>Misyonumuz<\/strong><\/p>\n\n\n\n<p>Biz,\u0130n\u015faat M\u00fcteahhitli\u011fi ve Turizm Yat\u0131r\u0131mc\u0131l\u0131\u011f\u0131 i\u015finde; tecr\u00fcbe ve dinamizmimize, teknolojik geli\u015fimi de katarak evrensel \u00f6l\u00e7ekte ba\u015far\u0131l\u0131 imalat yapmak ve istihdam yaratmak i\u00e7in var\u0131z. Kalite ve d\u00fcr\u00fcstl\u00fc\u011f\u00fcm\u00fczle \u00f6rnek olarak, sekt\u00f6r\u00fcn g\u00fcvenilir ve ehil m\u00fcteahhit firma ihtiyac\u0131n\u0131 kar\u015f\u0131lar, ulusal ekonomimize \u00f6nemli katk\u0131larda bulunuruz.<\/p>\n\n\n\n<p><strong>Vizyonumuz<\/strong><\/p>\n\n\n\n<p>Girdi\u011fi her sekt\u00f6rde; kaliteli, \u00f6rnek \u00fcretimler yapan ve \u00f6rnek hizmetler veren kurumlar yarat\u0131r. Ald\u0131\u011f\u0131 i\u015fi en ba\u015far\u0131l\u0131 \u015fekilde bitiren, itibarl\u0131, marka olmu\u015f bir firma olarak b\u00fcnyesindeki deneyimli, uzmanla\u015fm\u0131\u015f ve dinamik kadrolar\u0131yla s\u00fcrekli b\u00fcy\u00fcr ve geli\u015fir.<\/p>\n\n\n\n<p><strong>Temel De\u011ferlerimiz<\/strong><\/p>\n\n\n\n<p><\/p>\n\n\n\n<ul><li>G\u00fcvenilir<\/li><li>\u00c7al\u0131\u015fkan<\/li><li>D\u00fcr\u00fcst<\/li><li>A\u00e7\u0131k<\/li><li>Dayan\u0131\u015fma ve i\u015fbirli\u011fi i\u00e7inde<\/li><li>\u0130leti\u015fim kurabilen<\/li><li>Sevgi ve sayg\u0131ya \u00f6nem veren<\/li><li>Kendisi ve \u00e7evresiyle bar\u0131\u015f\u0131k<\/li><li>Sorumluluk bilinci ta\u015f\u0131yan<\/li><li>Yarat\u0131c\u0131<\/li><li>Kendi gelece\u011fini kurumun gelece\u011finde g\u00f6rebilen<\/li><li>Bir aileyiz.<\/li><\/ul>\n","protected":false},"excerpt":{"rendered":"<p>Kalite Politikam\u0131z Temel de\u011ferlerimizden \u00f6d\u00fcn vermeden ; Sekt\u00f6r\u00fcm\u00fczle ilgili yenilikleri ve teknolojik geli\u015fmeleri takip ederek, yapt\u0131\u011f\u0131m\u0131z i\u015fleri ve \u00fcrettiklerimizin kalitesini s\u00fcrekli iyile\u015ftiririz. T\u00fcrkiye\u2019 deki eksik veya yetersiz sekt\u00f6rleri ara\u015ft\u0131r\u0131r, yeniliklere a\u00e7\u0131k yap\u0131m\u0131zla, kurumsalla\u015farak b\u00fcy\u00fcmeyi s\u00fcrd\u00fcr\u00fcr\u00fcz. Koordineli \u00e7al\u0131\u015f\u0131r, do\u011fru planlama, nitelikli ve yeterli elemanlarla ba\u015far\u0131l\u0131 organizasyonlar ger\u00e7ekle\u015ftiririz. \u00c7a\u011fda\u015f y\u00f6netim ve i\u015fletim sistemini uygular, i\u00e7 ve d\u0131\u015f [&hellip;]<\/p>\n","protected":false},"author":1,"featured_media":0,"parent":0,"menu_order":0,"comment_status":"closed","ping_status":"closed","template":"template-fullwidth.php","meta":[],"_links":{"self":[{"href":"http:\/\/www.apollonturizm.com.tr\/index.php?rest_route=\/wp\/v2\/pages\/24"}],"collection":[{"href":"http:\/\/www.apollonturizm.com.tr\/index.php?rest_route=\/wp\/v2\/pages"}],"about":[{"href":"http:\/\/www.apollonturizm.com.tr\/index.php?rest_route=\/wp\/v2\/types\/page"}],"author":[{"embeddable":true,"href":"http:\/\/www.apollonturizm.com.tr\/index.php?rest_route=\/wp\/v2\/users\/1"}],"replies":[{"embeddable":true,"href":"http:\/\/www.apollonturizm.com.tr\/index.php?rest_route=%2Fwp%2Fv2%2Fcomments&post=24"}],"version-history":[{"count":3,"href":"http:\/\/www.apollonturizm.com.tr\/index.php?rest_route=\/wp\/v2\/pages\/24\/revisions"}],"predecessor-version":[{"id":60,"href":"http:\/\/www.apollonturizm.com.tr\/index.php?rest_route=\/wp\/v2\/pages\/24\/revisions\/60"}],"wp:attachment":[{"href":"http:\/\/www.apollonturizm.com.tr\/index.php?rest_route=%2Fwp%2Fv2%2Fmedia&parent=24"}],"curies":[{"name":"wp","href":"https:\/\/api.w.org\/{rel}","templated":true}]}}