{"id":26,"date":"2021-09-12T09:46:46","date_gmt":"2021-09-12T09:46:46","guid":{"rendered":"http:\/\/www.apollonturizm.com.tr\/?page_id=26"},"modified":"2021-09-12T10:16:35","modified_gmt":"2021-09-12T10:16:35","slug":"kvk-kanunu","status":"publish","type":"page","link":"http:\/\/www.apollonturizm.com.tr\/?page_id=26","title":{"rendered":"KVK Kanunu"},"content":{"rendered":"\n<p><a href=\"http:\/\/www.eceturinsaat.com.tr\/dosya\/kvkkpolitikasi.pdf\">Ki\u015fisel Verilerin Korunmas\u0131 ve \u0130\u015flenmesi Politikas\u0131<\/a><\/p>\n\n\n\n<p><a href=\"http:\/\/www.eceturinsaat.com.tr\/dosya\/basvuruformu.pdf\">Ki\u015fisel Veriler Ba\u015fvuru Formu<\/a><\/p>\n","protected":false},"excerpt":{"rendered":"<p>Ki\u015fisel Verilerin Korunmas\u0131 ve \u0130\u015flenmesi Politikas\u0131 Ki\u015fisel Veriler Ba\u015fvuru Formu<\/p>\n","protected":false},"author":1,"featured_media":0,"parent":0,"menu_order":0,"comment_status":"closed","ping_status":"closed","template":"template-fullwidth.php","meta":[],"_links":{"self":[{"href":"http:\/\/www.apollonturizm.com.tr\/index.php?rest_route=\/wp\/v2\/pages\/26"}],"collection":[{"href":"http:\/\/www.apollonturizm.com.tr\/index.php?rest_route=\/wp\/v2\/pages"}],"about":[{"href":"http:\/\/www.apollonturizm.com.tr\/index.php?rest_route=\/wp\/v2\/types\/page"}],"author":[{"embeddable":true,"href":"http:\/\/www.apollonturizm.com.tr\/index.php?rest_route=\/wp\/v2\/users\/1"}],"replies":[{"embeddable":true,"href":"http:\/\/www.apollonturizm.com.tr\/index.php?rest_route=%2Fwp%2Fv2%2Fcomments&post=26"}],"version-history":[{"count":2,"href":"http:\/\/www.apollonturizm.com.tr\/index.php?rest_route=\/wp\/v2\/pages\/26\/revisions"}],"predecessor-version":[{"id":48,"href":"http:\/\/www.apollonturizm.com.tr\/index.php?rest_route=\/wp\/v2\/pages\/26\/revisions\/48"}],"wp:attachment":[{"href":"http:\/\/www.apollonturizm.com.tr\/index.php?rest_route=%2Fwp%2Fv2%2Fmedia&parent=26"}],"curies":[{"name":"wp","href":"https:\/\/api.w.org\/{rel}","templated":true}]}}